{"id":1282,"date":"2025-04-02T07:22:16","date_gmt":"2025-04-02T07:22:16","guid":{"rendered":"https:\/\/andytrans.pl\/index.php\/home\/"},"modified":"2025-10-04T08:57:40","modified_gmt":"2025-10-04T08:57:40","slug":"home","status":"publish","type":"page","link":"https:\/\/andytrans.pl\/","title":{"rendered":"Home"},"content":{"rendered":"\n<div class=\"wp-block-uagb-container uagb-block-1bae3a6f alignfull uagb-is-root-container\"><div class=\"uagb-container-inner-blocks-wrap\">\n<div class=\"wp-block-uagb-info-box uagb-block-58364634 uagb-infobox__content-wrap  uagb-infobox-icon-above-title uagb-infobox-image-valign-top\"><div class=\"uagb-ifb-content\"><div class=\"uagb-ifb-title-wrap\"><p class=\"uagb-ifb-title-prefix\"> <\/p><h1 class=\"uagb-ifb-title\">Transport drogowy towar\u00f3w i&nbsp;przeprowadzki Szczecin<\/h1><\/div><p class=\"uagb-ifb-desc\"> <\/p><\/div><\/div>\n<\/div><\/div>\n\n\n\n<div class=\"wp-block-uagb-container uagb-block-70b9047c alignfull uagb-is-root-container\"><div class=\"uagb-container-inner-blocks-wrap\">\n<div class=\"wp-block-uagb-container uagb-block-9b32c386\">\n<div class=\"wp-block-uagb-info-box uagb-block-d15c3a18 uagb-infobox__content-wrap  uagb-infobox-icon-above-title uagb-infobox-image-valign-top\"><div class=\"uagb-ifb-content\"><div class=\"uagb-ifb-title-wrap\"><p class=\"uagb-ifb-title-prefix\">Z nami ka\u017cdy transport dociera na czas.<\/p><h2 class=\"uagb-ifb-title\">Andytrans us\u0142ugi transportowe<\/h2><\/div><p class=\"uagb-ifb-desc\"><br>Oferujemy <strong>profesjonalny transport krajowy towar\u00f3w<\/strong> \u2014 szybko, bezpiecznie i z pe\u0142nym zaanga\u017cowaniem. Niezale\u017cnie od rodzaju \u0142adunku, zapewniamy sprawny przew\u00f3z w dowolne miejsce w Polsce. Nasza flota nowoczesnych pojazd\u00f3w i do\u015bwiadczeni kierowcy gwarantuj\u0105 terminowe dostawy oraz pe\u0142ne bezpiecze\u0144stwo przesy\u0142ek. Wybieraj\u0105c nas, zyskujesz partnera, kt\u00f3ry rozumie znaczenie punktualno\u015bci i jako\u015bci w transporcie.<br><br>Realizujemy przewozy w obr\u0119bie wszystkich wojew\u00f3dztw: lubelskiego, mazowieckiego, podkarpackiego, \u015bwi\u0119tokrzyskiego, ma\u0142opolskiego, \u015bl\u0105skiego, \u0142\u00f3dzkiego, opolskiego, dolno\u015bl\u0105skiego, wielkopolskiego, lubuskiego, zachodniopomorskiego, pomorskiego, kujawsko-pomorskiego, warmi\u0144sko-mazurskiego oraz podlaskiego.<br><br>Zapewniamy terminowy, bezpieczny i w pe\u0142ni dopasowany do potrzeb transport krajowy towar\u00f3w \u2013 od pojedynczych przesy\u0142ek po pe\u0142ne \u0142adunki ci\u0119\u017carowe.<\/p><\/div><\/div>\n<\/div>\n\n\n\n<div class=\"wp-block-uagb-container uagb-block-62375d4f\">\n<div class=\"wp-block-uagb-image alignleft uagb-block-aee24002 wp-block-uagb-image--layout-default wp-block-uagb-image--effect-static wp-block-uagb-image--align-left\"><figure class=\"wp-block-uagb-image__figure\"><img decoding=\"async\" srcset=\"https:\/\/andytrans.pl\/wp-content\/uploads\/2025\/10\/pexels-photo-681335-681335-1024x575.jpg ,https:\/\/andytrans.pl\/wp-content\/uploads\/2025\/10\/pexels-photo-681335-681335-scaled.jpg 780w, https:\/\/andytrans.pl\/wp-content\/uploads\/2025\/10\/pexels-photo-681335-681335-scaled.jpg 360w\" sizes=\"auto, (max-width: 480px) 150px\" src=\"https:\/\/andytrans.pl\/wp-content\/uploads\/2025\/10\/pexels-photo-681335-681335-1024x575.jpg\" alt=\"transport Szczecin\" class=\"uag-image-1872\" width=\"550\" height=\"550\" title=\"transport Szczecin\" loading=\"lazy\" role=\"img\"\/><\/figure><\/div>\n<\/div>\n<\/div><\/div>\n\n\n\n<div class=\"wp-block-uagb-container uagb-block-82b9558a alignfull uagb-is-root-container\"><div class=\"uagb-container-inner-blocks-wrap\">\n<div class=\"wp-block-uagb-container uagb-block-3289e744\">\n<div class=\"wp-block-uagb-container uagb-block-f22764dc\">\n<div class=\"wp-block-uagb-image alignleft uagb-block-c18e812a wp-block-uagb-image--layout-default wp-block-uagb-image--effect-static wp-block-uagb-image--align-left\"><figure class=\"wp-block-uagb-image__figure\"><img decoding=\"async\" srcset=\"https:\/\/andytrans.pl\/wp-content\/uploads\/2025\/10\/pexels-photo-93398-93398-1024x683.jpg ,https:\/\/andytrans.pl\/wp-content\/uploads\/2025\/10\/pexels-photo-93398-93398-scaled.jpg 780w, https:\/\/andytrans.pl\/wp-content\/uploads\/2025\/10\/pexels-photo-93398-93398-scaled.jpg 360w\" sizes=\"auto, (max-width: 480px) 150px\" src=\"https:\/\/andytrans.pl\/wp-content\/uploads\/2025\/10\/pexels-photo-93398-93398-1024x683.jpg\" alt=\"transport\" class=\"uag-image-1878\" width=\"560\" height=\"450\" title=\"transport\" loading=\"lazy\" role=\"img\"\/><figcaption class=\"uagb-image-caption\">Us\u0142ugi transportowe Szczecin<\/figcaption><\/figure><\/div>\n\n\n\n<div class=\"wp-block-uagb-image alignleft uagb-block-e609f106 wp-block-uagb-image--layout-default wp-block-uagb-image--effect-static wp-block-uagb-image--align-left\"><figure class=\"wp-block-uagb-image__figure\"><img decoding=\"async\" srcset=\"https:\/\/andytrans.pl\/wp-content\/uploads\/2025\/10\/pexels-photo-1267325-1267325-1024x684.jpg ,https:\/\/andytrans.pl\/wp-content\/uploads\/2025\/10\/pexels-photo-1267325-1267325-scaled.jpg 780w, https:\/\/andytrans.pl\/wp-content\/uploads\/2025\/10\/pexels-photo-1267325-1267325-scaled.jpg 360w\" sizes=\"auto, (max-width: 480px) 150px\" src=\"https:\/\/andytrans.pl\/wp-content\/uploads\/2025\/10\/pexels-photo-1267325-1267325-1024x684.jpg\" alt=\"us\u0142ugi transportowe\" class=\"uag-image-1876\" width=\"400\" height=\"450\" title=\"us\u0142ugi transportowe\" loading=\"lazy\" role=\"img\"\/><figcaption class=\"uagb-image-caption\">Transport krajowy<\/figcaption><\/figure><\/div>\n\n\n\n<div class=\"wp-block-uagb-image alignleft uagb-block-481544c3 wp-block-uagb-image--layout-default wp-block-uagb-image--effect-static wp-block-uagb-image--align-left\"><figure class=\"wp-block-uagb-image__figure\"><img decoding=\"async\" srcset=\"https:\/\/andytrans.pl\/wp-content\/uploads\/2025\/10\/mt-0198-home-parallax01.jpg ,https:\/\/andytrans.pl\/wp-content\/uploads\/2025\/10\/mt-0198-home-parallax01.jpg 780w, https:\/\/andytrans.pl\/wp-content\/uploads\/2025\/10\/mt-0198-home-parallax01.jpg 360w\" sizes=\"auto, (max-width: 480px) 150px\" src=\"https:\/\/andytrans.pl\/wp-content\/uploads\/2025\/10\/mt-0198-home-parallax01.jpg\" alt=\"przeprowadzki\" class=\"uag-image-1895\" width=\"400\" height=\"450\" title=\"przeprowadzki\" loading=\"lazy\" role=\"img\"\/><figcaption class=\"uagb-image-caption\">Przeprowadzki<\/figcaption><\/figure><\/div>\n<\/div>\n<\/div>\n<\/div><\/div>\n","protected":false},"excerpt":{"rendered":"","protected":false},"author":2,"featured_media":0,"parent":0,"menu_order":0,"comment_status":"closed","ping_status":"closed","template":"","meta":{"_uag_custom_page_level_css":"","site-sidebar-layout":"no-sidebar","site-content-layout":"","ast-site-content-layout":"normal-width-container","site-content-style":"default","site-sidebar-style":"default","ast-global-header-display":"","ast-banner-title-visibility":"","ast-main-header-display":"","ast-hfb-above-header-display":"","ast-hfb-below-header-display":"","ast-hfb-mobile-header-display":"","site-post-title":"disabled","ast-breadcrumbs-content":"","ast-featured-img":"","footer-sml-layout":"","theme-transparent-header-meta":"enabled","adv-header-id-meta":"","stick-header-meta":"","header-above-stick-meta":"","header-main-stick-meta":"","header-below-stick-meta":"","astra-migrate-meta-layouts":"default","ast-page-background-enabled":"default","ast-page-background-meta":{"desktop":{"background-color":"var(--ast-global-color-4)","background-image":"","background-repeat":"repeat","background-position":"center center","background-size":"auto","background-attachment":"scroll","background-type":"","background-media":"","overlay-type":"","overlay-color":"","overlay-opacity":"","overlay-gradient":""},"tablet":{"background-color":"","background-image":"","background-repeat":"repeat","background-position":"center center","background-size":"auto","background-attachment":"scroll","background-type":"","background-media":"","overlay-type":"","overlay-color":"","overlay-opacity":"","overlay-gradient":""},"mobile":{"background-color":"","background-image":"","background-repeat":"repeat","background-position":"center center","background-size":"auto","background-attachment":"scroll","background-type":"","background-media":"","overlay-type":"","overlay-color":"","overlay-opacity":"","overlay-gradient":""}},"ast-content-background-meta":{"desktop":{"background-color":"var(--ast-global-color-5)","background-image":"","background-repeat":"repeat","background-position":"center center","background-size":"auto","background-attachment":"scroll","background-type":"","background-media":"","overlay-type":"","overlay-color":"","overlay-opacity":"","overlay-gradient":""},"tablet":{"background-color":"var(--ast-global-color-5)","background-image":"","background-repeat":"repeat","background-position":"center center","background-size":"auto","background-attachment":"scroll","background-type":"","background-media":"","overlay-type":"","overlay-color":"","overlay-opacity":"","overlay-gradient":""},"mobile":{"background-color":"var(--ast-global-color-5)","background-image":"","background-repeat":"repeat","background-position":"center center","background-size":"auto","background-attachment":"scroll","background-type":"","background-media":"","overlay-type":"","overlay-color":"","overlay-opacity":"","overlay-gradient":""}},"footnotes":""},"class_list":["post-1282","page","type-page","status-publish","hentry"],"aioseo_notices":[],"uagb_featured_image_src":{"full":false,"thumbnail":false,"medium":false,"medium_large":false,"large":false,"1536x1536":false,"2048x2048":false},"uagb_author_info":{"display_name":"admin","author_link":"https:\/\/andytrans.pl\/?author=2"},"uagb_comment_info":0,"uagb_excerpt":null,"_links":{"self":[{"href":"https:\/\/andytrans.pl\/index.php?rest_route=\/wp\/v2\/pages\/1282","targetHints":{"allow":["GET"]}}],"collection":[{"href":"https:\/\/andytrans.pl\/index.php?rest_route=\/wp\/v2\/pages"}],"about":[{"href":"https:\/\/andytrans.pl\/index.php?rest_route=\/wp\/v2\/types\/page"}],"author":[{"embeddable":true,"href":"https:\/\/andytrans.pl\/index.php?rest_route=\/wp\/v2\/users\/2"}],"replies":[{"embeddable":true,"href":"https:\/\/andytrans.pl\/index.php?rest_route=%2Fwp%2Fv2%2Fcomments&post=1282"}],"version-history":[{"count":44,"href":"https:\/\/andytrans.pl\/index.php?rest_route=\/wp\/v2\/pages\/1282\/revisions"}],"predecessor-version":[{"id":1918,"href":"https:\/\/andytrans.pl\/index.php?rest_route=\/wp\/v2\/pages\/1282\/revisions\/1918"}],"wp:attachment":[{"href":"https:\/\/andytrans.pl\/index.php?rest_route=%2Fwp%2Fv2%2Fmedia&parent=1282"}],"curies":[{"name":"wp","href":"https:\/\/api.w.org\/{rel}","templated":true}]}}